{"id":1527,"date":"2020-04-07T17:15:15","date_gmt":"2020-04-07T15:15:15","guid":{"rendered":"http:\/\/www.fperin.com\/lavorazioni-in-acciaio-inox-2\/"},"modified":"2020-04-17T09:06:12","modified_gmt":"2020-04-17T07:06:12","slug":"empresa","status":"publish","type":"page","link":"https:\/\/www.fperin.com\/es\/empresa\/","title":{"rendered":"Empresa"},"content":{"rendered":"<h1>F.lli Perin<\/h1>\n<h2>Historia, Presente y Futuro<\/h2>\n<p>Todo comenz\u00f3 en 1960 cuando Giovanni Perin, con sus estudios y experiencia en el sector, decidi\u00f3 iniciar su propia actividad comercial: una historia empresarial de \u00e9xito que, ya en su tercera generaci\u00f3n, es ahora capaz de combinar la experiencia del \u00abfundador\u00bb, formada por las relaciones humanas y una cadena de suministro garantizada \u00ab100 % Made in Italy\u00bb, con la investigaci\u00f3n de nuevos materiales, el desarrollo tecnol\u00f3gico y el mercado mundial.<\/p>\n","protected":false},"excerpt":{"rendered":"<p>F.lli Perin Historia, Presente y Futuro Todo comenz\u00f3 en 1960 cuando Giovanni Perin, con sus estudios y experiencia en el sector, decidi\u00f3 iniciar su propia actividad comercial: una historia empresarial de \u00e9xito que, ya en su tercera generaci\u00f3n, es ahora&#8230;<\/p>\n","protected":false},"author":2,"featured_media":0,"parent":0,"menu_order":5,"comment_status":"closed","ping_status":"closed","template":"page-azienda.php","meta":{"_acf_changed":false,"footnotes":""},"class_list":["post-1527","page","type-page","status-publish","hentry"],"acf":[],"yoast_head":"<!-- This site is optimized with the Yoast SEO plugin v24.9 - https:\/\/yoast.com\/wordpress\/plugins\/seo\/ -->\n<title>Empresa - F.lli Perin<\/title>\n<meta name=\"robots\" content=\"index, follow, max-snippet:-1, max-image-preview:large, max-video-preview:-1\" \/>\n<link rel=\"canonical\" href=\"https:\/\/www.fperin.com\/es\/empresa\/\" \/>\n<meta property=\"og:locale\" content=\"es_ES\" \/>\n<meta property=\"og:type\" content=\"article\" \/>\n<meta property=\"og:title\" content=\"Empresa - F.lli Perin\" \/>\n<meta property=\"og:description\" content=\"F.lli Perin Historia, Presente y Futuro Todo comenz\u00f3 en 1960 cuando Giovanni Perin, con sus estudios y experiencia en el sector, decidi\u00f3 iniciar su propia actividad comercial: una historia empresarial de \u00e9xito que, ya en su tercera generaci\u00f3n, es ahora...\" \/>\n<meta property=\"og:url\" content=\"https:\/\/www.fperin.com\/es\/empresa\/\" \/>\n<meta property=\"og:site_name\" content=\"F.lli Perin\" \/>\n<meta property=\"article:modified_time\" content=\"2020-04-17T07:06:12+00:00\" \/>\n<script type=\"application\/ld+json\" class=\"yoast-schema-graph\">{\"@context\":\"https:\/\/schema.org\",\"@graph\":[{\"@type\":\"WebPage\",\"@id\":\"https:\/\/www.fperin.com\/es\/empresa\/\",\"url\":\"https:\/\/www.fperin.com\/es\/empresa\/\",\"name\":\"Empresa - F.lli Perin\",\"isPartOf\":{\"@id\":\"https:\/\/www.fperin.com\/#website\"},\"datePublished\":\"2020-04-07T15:15:15+00:00\",\"dateModified\":\"2020-04-17T07:06:12+00:00\",\"breadcrumb\":{\"@id\":\"https:\/\/www.fperin.com\/es\/empresa\/#breadcrumb\"},\"inLanguage\":\"es\",\"potentialAction\":[{\"@type\":\"ReadAction\",\"target\":[\"https:\/\/www.fperin.com\/es\/empresa\/\"]}]},{\"@type\":\"BreadcrumbList\",\"@id\":\"https:\/\/www.fperin.com\/es\/empresa\/#breadcrumb\",\"itemListElement\":[{\"@type\":\"ListItem\",\"position\":1,\"name\":\"Home\",\"item\":\"https:\/\/www.fperin.com\/es\/home\/\"},{\"@type\":\"ListItem\",\"position\":2,\"name\":\"Empresa\"}]},{\"@type\":\"WebSite\",\"@id\":\"https:\/\/www.fperin.com\/#website\",\"url\":\"https:\/\/www.fperin.com\/\",\"name\":\"F.lli Perin\",\"description\":\"Lavorazioni in acciaio inox\",\"potentialAction\":[{\"@type\":\"SearchAction\",\"target\":{\"@type\":\"EntryPoint\",\"urlTemplate\":\"https:\/\/www.fperin.com\/?s={search_term_string}\"},\"query-input\":{\"@type\":\"PropertyValueSpecification\",\"valueRequired\":true,\"valueName\":\"search_term_string\"}}],\"inLanguage\":\"es\"}]}<\/script>\n<!-- \/ Yoast SEO plugin. -->","yoast_head_json":{"title":"Empresa - F.lli Perin","robots":{"index":"index","follow":"follow","max-snippet":"max-snippet:-1","max-image-preview":"max-image-preview:large","max-video-preview":"max-video-preview:-1"},"canonical":"https:\/\/www.fperin.com\/es\/empresa\/","og_locale":"es_ES","og_type":"article","og_title":"Empresa - F.lli Perin","og_description":"F.lli Perin Historia, Presente y Futuro Todo comenz\u00f3 en 1960 cuando Giovanni Perin, con sus estudios y experiencia en el sector, decidi\u00f3 iniciar su propia actividad comercial: una historia empresarial de \u00e9xito que, ya en su tercera generaci\u00f3n, es ahora...","og_url":"https:\/\/www.fperin.com\/es\/empresa\/","og_site_name":"F.lli Perin","article_modified_time":"2020-04-17T07:06:12+00:00","schema":{"@context":"https:\/\/schema.org","@graph":[{"@type":"WebPage","@id":"https:\/\/www.fperin.com\/es\/empresa\/","url":"https:\/\/www.fperin.com\/es\/empresa\/","name":"Empresa - F.lli Perin","isPartOf":{"@id":"https:\/\/www.fperin.com\/#website"},"datePublished":"2020-04-07T15:15:15+00:00","dateModified":"2020-04-17T07:06:12+00:00","breadcrumb":{"@id":"https:\/\/www.fperin.com\/es\/empresa\/#breadcrumb"},"inLanguage":"es","potentialAction":[{"@type":"ReadAction","target":["https:\/\/www.fperin.com\/es\/empresa\/"]}]},{"@type":"BreadcrumbList","@id":"https:\/\/www.fperin.com\/es\/empresa\/#breadcrumb","itemListElement":[{"@type":"ListItem","position":1,"name":"Home","item":"https:\/\/www.fperin.com\/es\/home\/"},{"@type":"ListItem","position":2,"name":"Empresa"}]},{"@type":"WebSite","@id":"https:\/\/www.fperin.com\/#website","url":"https:\/\/www.fperin.com\/","name":"F.lli Perin","description":"Lavorazioni in acciaio inox","potentialAction":[{"@type":"SearchAction","target":{"@type":"EntryPoint","urlTemplate":"https:\/\/www.fperin.com\/?s={search_term_string}"},"query-input":{"@type":"PropertyValueSpecification","valueRequired":true,"valueName":"search_term_string"}}],"inLanguage":"es"}]}},"_links":{"self":[{"href":"https:\/\/www.fperin.com\/es\/wp-json\/wp\/v2\/pages\/1527","targetHints":{"allow":["GET"]}}],"collection":[{"href":"https:\/\/www.fperin.com\/es\/wp-json\/wp\/v2\/pages"}],"about":[{"href":"https:\/\/www.fperin.com\/es\/wp-json\/wp\/v2\/types\/page"}],"author":[{"embeddable":true,"href":"https:\/\/www.fperin.com\/es\/wp-json\/wp\/v2\/users\/2"}],"replies":[{"embeddable":true,"href":"https:\/\/www.fperin.com\/es\/wp-json\/wp\/v2\/comments?post=1527"}],"version-history":[{"count":4,"href":"https:\/\/www.fperin.com\/es\/wp-json\/wp\/v2\/pages\/1527\/revisions"}],"predecessor-version":[{"id":1559,"href":"https:\/\/www.fperin.com\/es\/wp-json\/wp\/v2\/pages\/1527\/revisions\/1559"}],"wp:attachment":[{"href":"https:\/\/www.fperin.com\/es\/wp-json\/wp\/v2\/media?parent=1527"}],"curies":[{"name":"wp","href":"https:\/\/api.w.org\/{rel}","templated":true}]}}