{"id":299,"date":"2014-10-14T16:05:33","date_gmt":"2014-10-14T14:05:33","guid":{"rendered":"http:\/\/www.fperin.com\/lavorazioni-acciaio-treviso-2\/"},"modified":"2015-02-25T10:42:16","modified_gmt":"2015-02-25T09:42:16","slug":"articulos-de-acero-treviso","status":"publish","type":"page","link":"https:\/\/www.fperin.com\/es\/articulos-de-acero-treviso\/","title":{"rendered":"Contactos"},"content":{"rendered":"<h1>F.lli Perin s.r.l.<\/h1>\n<p>Via Liberazione, 30 B\/C\/D<br \/>\n30120 San Vendemiano (Treviso) &#8211; ITALY<br \/>\n<a title=\"Google Maps\" href=\"https:\/\/goo.gl\/maps\/D0TN4\" target=\"_blank\">Google Maps <span class=\"st\">\u00bb<\/span><\/a><\/p>\n<p>Tel: +39 0438 402459 \/0438 400027<br \/>\nFax: +39 0438 400940<br \/>\nEmail: <a href=\"mailto:info@fperin.com\">info@fperin.com<\/a><\/p>\n","protected":false},"excerpt":{"rendered":"<p>F.lli Perin s.r.l. Via Liberazione, 30 B\/C\/D 30120 San Vendemiano (Treviso) &#8211; ITALY Google Maps \u00bb Tel: +39 0438 402459 \/0438 400027 Fax: +39 0438 400940 Email: info@fperin.com<\/p>\n","protected":false},"author":2,"featured_media":0,"parent":0,"menu_order":38,"comment_status":"open","ping_status":"closed","template":"page-contatti.php","meta":{"_acf_changed":false,"footnotes":""},"class_list":["post-299","page","type-page","status-publish","hentry"],"acf":[],"yoast_head":"<!-- This site is optimized with the Yoast SEO plugin v24.9 - https:\/\/yoast.com\/wordpress\/plugins\/seo\/ -->\n<title>Art\u00edculos en acero en la provincia de Treviso - F.lli Perin<\/title>\n<meta name=\"description\" content=\"Cont\u00e1ctenos si est\u00e1 interesado en nuestros art\u00edculos de acero inoxidable. Estamos en San Vendemiano, provincia de Treviso.\" \/>\n<meta name=\"robots\" content=\"index, follow, max-snippet:-1, max-image-preview:large, max-video-preview:-1\" \/>\n<link rel=\"canonical\" href=\"https:\/\/www.fperin.com\/es\/articulos-de-acero-treviso\/\" \/>\n<meta property=\"og:locale\" content=\"es_ES\" \/>\n<meta property=\"og:type\" content=\"article\" \/>\n<meta property=\"og:title\" content=\"Art\u00edculos en acero en la provincia de Treviso - F.lli Perin\" \/>\n<meta property=\"og:description\" content=\"Cont\u00e1ctenos si est\u00e1 interesado en nuestros art\u00edculos de acero inoxidable. Estamos en San Vendemiano, provincia de Treviso.\" \/>\n<meta property=\"og:url\" content=\"https:\/\/www.fperin.com\/es\/articulos-de-acero-treviso\/\" \/>\n<meta property=\"og:site_name\" content=\"F.lli Perin\" \/>\n<meta property=\"article:modified_time\" content=\"2015-02-25T09:42:16+00:00\" \/>\n<script type=\"application\/ld+json\" class=\"yoast-schema-graph\">{\"@context\":\"https:\/\/schema.org\",\"@graph\":[{\"@type\":\"WebPage\",\"@id\":\"https:\/\/www.fperin.com\/es\/articulos-de-acero-treviso\/\",\"url\":\"https:\/\/www.fperin.com\/es\/articulos-de-acero-treviso\/\",\"name\":\"Art\u00edculos en acero en la provincia de Treviso - F.lli Perin\",\"isPartOf\":{\"@id\":\"https:\/\/www.fperin.com\/#website\"},\"datePublished\":\"2014-10-14T14:05:33+00:00\",\"dateModified\":\"2015-02-25T09:42:16+00:00\",\"description\":\"Cont\u00e1ctenos si est\u00e1 interesado en nuestros art\u00edculos de acero inoxidable. Estamos en San Vendemiano, provincia de Treviso.\",\"breadcrumb\":{\"@id\":\"https:\/\/www.fperin.com\/es\/articulos-de-acero-treviso\/#breadcrumb\"},\"inLanguage\":\"es\",\"potentialAction\":[{\"@type\":\"ReadAction\",\"target\":[\"https:\/\/www.fperin.com\/es\/articulos-de-acero-treviso\/\"]}]},{\"@type\":\"BreadcrumbList\",\"@id\":\"https:\/\/www.fperin.com\/es\/articulos-de-acero-treviso\/#breadcrumb\",\"itemListElement\":[{\"@type\":\"ListItem\",\"position\":1,\"name\":\"Home\",\"item\":\"https:\/\/www.fperin.com\/es\/home\/\"},{\"@type\":\"ListItem\",\"position\":2,\"name\":\"Contactos\"}]},{\"@type\":\"WebSite\",\"@id\":\"https:\/\/www.fperin.com\/#website\",\"url\":\"https:\/\/www.fperin.com\/\",\"name\":\"F.lli Perin\",\"description\":\"Lavorazioni in acciaio inox\",\"potentialAction\":[{\"@type\":\"SearchAction\",\"target\":{\"@type\":\"EntryPoint\",\"urlTemplate\":\"https:\/\/www.fperin.com\/?s={search_term_string}\"},\"query-input\":{\"@type\":\"PropertyValueSpecification\",\"valueRequired\":true,\"valueName\":\"search_term_string\"}}],\"inLanguage\":\"es\"}]}<\/script>\n<!-- \/ Yoast SEO plugin. -->","yoast_head_json":{"title":"Art\u00edculos en acero en la provincia de Treviso - F.lli Perin","description":"Cont\u00e1ctenos si est\u00e1 interesado en nuestros art\u00edculos de acero inoxidable. Estamos en San Vendemiano, provincia de Treviso.","robots":{"index":"index","follow":"follow","max-snippet":"max-snippet:-1","max-image-preview":"max-image-preview:large","max-video-preview":"max-video-preview:-1"},"canonical":"https:\/\/www.fperin.com\/es\/articulos-de-acero-treviso\/","og_locale":"es_ES","og_type":"article","og_title":"Art\u00edculos en acero en la provincia de Treviso - F.lli Perin","og_description":"Cont\u00e1ctenos si est\u00e1 interesado en nuestros art\u00edculos de acero inoxidable. Estamos en San Vendemiano, provincia de Treviso.","og_url":"https:\/\/www.fperin.com\/es\/articulos-de-acero-treviso\/","og_site_name":"F.lli Perin","article_modified_time":"2015-02-25T09:42:16+00:00","schema":{"@context":"https:\/\/schema.org","@graph":[{"@type":"WebPage","@id":"https:\/\/www.fperin.com\/es\/articulos-de-acero-treviso\/","url":"https:\/\/www.fperin.com\/es\/articulos-de-acero-treviso\/","name":"Art\u00edculos en acero en la provincia de Treviso - F.lli Perin","isPartOf":{"@id":"https:\/\/www.fperin.com\/#website"},"datePublished":"2014-10-14T14:05:33+00:00","dateModified":"2015-02-25T09:42:16+00:00","description":"Cont\u00e1ctenos si est\u00e1 interesado en nuestros art\u00edculos de acero inoxidable. Estamos en San Vendemiano, provincia de Treviso.","breadcrumb":{"@id":"https:\/\/www.fperin.com\/es\/articulos-de-acero-treviso\/#breadcrumb"},"inLanguage":"es","potentialAction":[{"@type":"ReadAction","target":["https:\/\/www.fperin.com\/es\/articulos-de-acero-treviso\/"]}]},{"@type":"BreadcrumbList","@id":"https:\/\/www.fperin.com\/es\/articulos-de-acero-treviso\/#breadcrumb","itemListElement":[{"@type":"ListItem","position":1,"name":"Home","item":"https:\/\/www.fperin.com\/es\/home\/"},{"@type":"ListItem","position":2,"name":"Contactos"}]},{"@type":"WebSite","@id":"https:\/\/www.fperin.com\/#website","url":"https:\/\/www.fperin.com\/","name":"F.lli Perin","description":"Lavorazioni in acciaio inox","potentialAction":[{"@type":"SearchAction","target":{"@type":"EntryPoint","urlTemplate":"https:\/\/www.fperin.com\/?s={search_term_string}"},"query-input":{"@type":"PropertyValueSpecification","valueRequired":true,"valueName":"search_term_string"}}],"inLanguage":"es"}]}},"_links":{"self":[{"href":"https:\/\/www.fperin.com\/es\/wp-json\/wp\/v2\/pages\/299","targetHints":{"allow":["GET"]}}],"collection":[{"href":"https:\/\/www.fperin.com\/es\/wp-json\/wp\/v2\/pages"}],"about":[{"href":"https:\/\/www.fperin.com\/es\/wp-json\/wp\/v2\/types\/page"}],"author":[{"embeddable":true,"href":"https:\/\/www.fperin.com\/es\/wp-json\/wp\/v2\/users\/2"}],"replies":[{"embeddable":true,"href":"https:\/\/www.fperin.com\/es\/wp-json\/wp\/v2\/comments?post=299"}],"version-history":[{"count":1,"href":"https:\/\/www.fperin.com\/es\/wp-json\/wp\/v2\/pages\/299\/revisions"}],"predecessor-version":[{"id":346,"href":"https:\/\/www.fperin.com\/es\/wp-json\/wp\/v2\/pages\/299\/revisions\/346"}],"wp:attachment":[{"href":"https:\/\/www.fperin.com\/es\/wp-json\/wp\/v2\/media?parent=299"}],"curies":[{"name":"wp","href":"https:\/\/api.w.org\/{rel}","templated":true}]}}