{"id":314,"date":"2014-10-14T16:04:05","date_gmt":"2014-10-14T14:04:05","guid":{"rendered":"http:\/\/www.fperin.com\/lavorazioni-in-acciaio-inox-2\/"},"modified":"2019-01-24T17:30:01","modified_gmt":"2019-01-24T16:30:01","slug":"articulos-en-acero-inoxidable","status":"publish","type":"page","link":"https:\/\/www.fperin.com\/es\/articulos-en-acero-inoxidable\/","title":{"rendered":"Empresa"},"content":{"rendered":"<h1>Hermanos Perin,<br \/>\nuna historia de m\u00e1s de 50 a\u00f1os.<\/h1>\n<p>Pasi\u00f3n y compromiso. Tecnolog\u00eda e investigaci\u00f3n. Desde siempre.<br \/>\nUn enfoque cuyo objetivo es la mejora continua, la atenci\u00f3n meticulosa puesta en conseguir resultados importantes. Nuestra experiencia es sin\u00f3nimo de profesionalidad y competencia en los art\u00edculos en acero inoxidable y en la producci\u00f3n de componentes en acero inoxidable.<\/p>\n","protected":false},"excerpt":{"rendered":"<p>Hermanos Perin, una historia de m\u00e1s de 50 a\u00f1os. Pasi\u00f3n y compromiso. Tecnolog\u00eda e investigaci\u00f3n. Desde siempre. Un enfoque cuyo objetivo es la mejora continua, la atenci\u00f3n meticulosa puesta en conseguir resultados importantes. Nuestra experiencia es sin\u00f3nimo de profesionalidad y&#8230;<\/p>\n","protected":false},"author":2,"featured_media":0,"parent":0,"menu_order":13,"comment_status":"open","ping_status":"closed","template":"page-profilo.php","meta":{"_acf_changed":false,"footnotes":""},"class_list":["post-314","page","type-page","status-publish","hentry"],"acf":[],"yoast_head":"<!-- This site is optimized with the Yoast SEO plugin v24.9 - https:\/\/yoast.com\/wordpress\/plugins\/seo\/ -->\n<title>Art\u00edculos en acero inoxidable desde m\u00e1s de 50 a\u00f1os - F.lli Perin<\/title>\n<meta name=\"description\" content=\"F.lli Perin Srl se ha especializado en los art\u00edculos en acero inoxidable y en la producci\u00f3n de componentes de acero para comunidades, industrias y la decoraci\u00f3n.\" \/>\n<meta name=\"robots\" content=\"index, follow, max-snippet:-1, max-image-preview:large, max-video-preview:-1\" \/>\n<link rel=\"canonical\" href=\"https:\/\/www.fperin.com\/es\/articulos-en-acero-inoxidable\/\" \/>\n<meta property=\"og:locale\" content=\"es_ES\" \/>\n<meta property=\"og:type\" content=\"article\" \/>\n<meta property=\"og:title\" content=\"Art\u00edculos en acero inoxidable desde m\u00e1s de 50 a\u00f1os - F.lli Perin\" \/>\n<meta property=\"og:description\" content=\"F.lli Perin Srl se ha especializado en los art\u00edculos en acero inoxidable y en la producci\u00f3n de componentes de acero para comunidades, industrias y la decoraci\u00f3n.\" \/>\n<meta property=\"og:url\" content=\"https:\/\/www.fperin.com\/es\/articulos-en-acero-inoxidable\/\" \/>\n<meta property=\"og:site_name\" content=\"F.lli Perin\" \/>\n<meta property=\"article:modified_time\" content=\"2019-01-24T16:30:01+00:00\" \/>\n<script type=\"application\/ld+json\" class=\"yoast-schema-graph\">{\"@context\":\"https:\/\/schema.org\",\"@graph\":[{\"@type\":\"WebPage\",\"@id\":\"https:\/\/www.fperin.com\/es\/articulos-en-acero-inoxidable\/\",\"url\":\"https:\/\/www.fperin.com\/es\/articulos-en-acero-inoxidable\/\",\"name\":\"Art\u00edculos en acero inoxidable desde m\u00e1s de 50 a\u00f1os - F.lli Perin\",\"isPartOf\":{\"@id\":\"https:\/\/www.fperin.com\/#website\"},\"datePublished\":\"2014-10-14T14:04:05+00:00\",\"dateModified\":\"2019-01-24T16:30:01+00:00\",\"description\":\"F.lli Perin Srl se ha especializado en los art\u00edculos en acero inoxidable y en la producci\u00f3n de componentes de acero para comunidades, industrias y la decoraci\u00f3n.\",\"breadcrumb\":{\"@id\":\"https:\/\/www.fperin.com\/es\/articulos-en-acero-inoxidable\/#breadcrumb\"},\"inLanguage\":\"es\",\"potentialAction\":[{\"@type\":\"ReadAction\",\"target\":[\"https:\/\/www.fperin.com\/es\/articulos-en-acero-inoxidable\/\"]}]},{\"@type\":\"BreadcrumbList\",\"@id\":\"https:\/\/www.fperin.com\/es\/articulos-en-acero-inoxidable\/#breadcrumb\",\"itemListElement\":[{\"@type\":\"ListItem\",\"position\":1,\"name\":\"Home\",\"item\":\"https:\/\/www.fperin.com\/es\/home\/\"},{\"@type\":\"ListItem\",\"position\":2,\"name\":\"Empresa\"}]},{\"@type\":\"WebSite\",\"@id\":\"https:\/\/www.fperin.com\/#website\",\"url\":\"https:\/\/www.fperin.com\/\",\"name\":\"F.lli Perin\",\"description\":\"Lavorazioni in acciaio inox\",\"potentialAction\":[{\"@type\":\"SearchAction\",\"target\":{\"@type\":\"EntryPoint\",\"urlTemplate\":\"https:\/\/www.fperin.com\/?s={search_term_string}\"},\"query-input\":{\"@type\":\"PropertyValueSpecification\",\"valueRequired\":true,\"valueName\":\"search_term_string\"}}],\"inLanguage\":\"es\"}]}<\/script>\n<!-- \/ Yoast SEO plugin. -->","yoast_head_json":{"title":"Art\u00edculos en acero inoxidable desde m\u00e1s de 50 a\u00f1os - F.lli Perin","description":"F.lli Perin Srl se ha especializado en los art\u00edculos en acero inoxidable y en la producci\u00f3n de componentes de acero para comunidades, industrias y la decoraci\u00f3n.","robots":{"index":"index","follow":"follow","max-snippet":"max-snippet:-1","max-image-preview":"max-image-preview:large","max-video-preview":"max-video-preview:-1"},"canonical":"https:\/\/www.fperin.com\/es\/articulos-en-acero-inoxidable\/","og_locale":"es_ES","og_type":"article","og_title":"Art\u00edculos en acero inoxidable desde m\u00e1s de 50 a\u00f1os - F.lli Perin","og_description":"F.lli Perin Srl se ha especializado en los art\u00edculos en acero inoxidable y en la producci\u00f3n de componentes de acero para comunidades, industrias y la decoraci\u00f3n.","og_url":"https:\/\/www.fperin.com\/es\/articulos-en-acero-inoxidable\/","og_site_name":"F.lli Perin","article_modified_time":"2019-01-24T16:30:01+00:00","schema":{"@context":"https:\/\/schema.org","@graph":[{"@type":"WebPage","@id":"https:\/\/www.fperin.com\/es\/articulos-en-acero-inoxidable\/","url":"https:\/\/www.fperin.com\/es\/articulos-en-acero-inoxidable\/","name":"Art\u00edculos en acero inoxidable desde m\u00e1s de 50 a\u00f1os - F.lli Perin","isPartOf":{"@id":"https:\/\/www.fperin.com\/#website"},"datePublished":"2014-10-14T14:04:05+00:00","dateModified":"2019-01-24T16:30:01+00:00","description":"F.lli Perin Srl se ha especializado en los art\u00edculos en acero inoxidable y en la producci\u00f3n de componentes de acero para comunidades, industrias y la decoraci\u00f3n.","breadcrumb":{"@id":"https:\/\/www.fperin.com\/es\/articulos-en-acero-inoxidable\/#breadcrumb"},"inLanguage":"es","potentialAction":[{"@type":"ReadAction","target":["https:\/\/www.fperin.com\/es\/articulos-en-acero-inoxidable\/"]}]},{"@type":"BreadcrumbList","@id":"https:\/\/www.fperin.com\/es\/articulos-en-acero-inoxidable\/#breadcrumb","itemListElement":[{"@type":"ListItem","position":1,"name":"Home","item":"https:\/\/www.fperin.com\/es\/home\/"},{"@type":"ListItem","position":2,"name":"Empresa"}]},{"@type":"WebSite","@id":"https:\/\/www.fperin.com\/#website","url":"https:\/\/www.fperin.com\/","name":"F.lli Perin","description":"Lavorazioni in acciaio inox","potentialAction":[{"@type":"SearchAction","target":{"@type":"EntryPoint","urlTemplate":"https:\/\/www.fperin.com\/?s={search_term_string}"},"query-input":{"@type":"PropertyValueSpecification","valueRequired":true,"valueName":"search_term_string"}}],"inLanguage":"es"}]}},"_links":{"self":[{"href":"https:\/\/www.fperin.com\/es\/wp-json\/wp\/v2\/pages\/314","targetHints":{"allow":["GET"]}}],"collection":[{"href":"https:\/\/www.fperin.com\/es\/wp-json\/wp\/v2\/pages"}],"about":[{"href":"https:\/\/www.fperin.com\/es\/wp-json\/wp\/v2\/types\/page"}],"author":[{"embeddable":true,"href":"https:\/\/www.fperin.com\/es\/wp-json\/wp\/v2\/users\/2"}],"replies":[{"embeddable":true,"href":"https:\/\/www.fperin.com\/es\/wp-json\/wp\/v2\/comments?post=314"}],"version-history":[{"count":3,"href":"https:\/\/www.fperin.com\/es\/wp-json\/wp\/v2\/pages\/314\/revisions"}],"predecessor-version":[{"id":1007,"href":"https:\/\/www.fperin.com\/es\/wp-json\/wp\/v2\/pages\/314\/revisions\/1007"}],"wp:attachment":[{"href":"https:\/\/www.fperin.com\/es\/wp-json\/wp\/v2\/media?parent=314"}],"curies":[{"name":"wp","href":"https:\/\/api.w.org\/{rel}","templated":true}]}}