{"id":317,"date":"2014-10-13T14:05:38","date_gmt":"2014-10-13T12:05:38","guid":{"rendered":"http:\/\/www.fperin.com\/home-2\/"},"modified":"2022-11-30T10:58:56","modified_gmt":"2022-11-30T09:58:56","slug":"home","status":"publish","type":"page","link":"https:\/\/www.fperin.com\/es\/","title":{"rendered":"Home"},"content":{"rendered":"<p>La experiencia consolidada en los art\u00edculos en acero inoxidable garantiza respuestas inmediatas a las necesidades espec\u00edficas de cada cliente.<\/p>\n","protected":false},"excerpt":{"rendered":"<p>La experiencia consolidada en los art\u00edculos en acero inoxidable garantiza respuestas inmediatas a las necesidades espec\u00edficas de cada cliente.<\/p>\n","protected":false},"author":2,"featured_media":0,"parent":0,"menu_order":9,"comment_status":"open","ping_status":"closed","template":"page-home.php","meta":{"_acf_changed":false,"footnotes":""},"class_list":["post-317","page","type-page","status-publish","hentry"],"acf":[],"yoast_head":"<!-- This site is optimized with the Yoast SEO plugin v24.9 - https:\/\/yoast.com\/wordpress\/plugins\/seo\/ -->\n<title>Art\u00edculos acero inoxidable - F.lli Perin<\/title>\n<meta name=\"description\" content=\"Art\u00edculos de acero inoxidable: fregaderos industriales, lavamanos, cubos de basura, tolvas, sanitarios y accesorios ba\u00f1o, recipientes, esterilizador de cuchillos, mop sink.\" \/>\n<meta name=\"robots\" content=\"index, follow, max-snippet:-1, max-image-preview:large, max-video-preview:-1\" \/>\n<link rel=\"canonical\" href=\"https:\/\/www.fperin.com\/es\/home\/\" \/>\n<meta property=\"og:locale\" content=\"es_ES\" \/>\n<meta property=\"og:type\" content=\"article\" \/>\n<meta property=\"og:title\" content=\"Art\u00edculos acero inoxidable - F.lli Perin\" \/>\n<meta property=\"og:description\" content=\"Art\u00edculos de acero inoxidable: fregaderos industriales, lavamanos, cubos de basura, tolvas, sanitarios y accesorios ba\u00f1o, recipientes, esterilizador de cuchillos, mop sink.\" \/>\n<meta property=\"og:url\" content=\"https:\/\/www.fperin.com\/es\/home\/\" \/>\n<meta property=\"og:site_name\" content=\"F.lli Perin\" \/>\n<meta property=\"article:modified_time\" content=\"2022-11-30T09:58:56+00:00\" \/>\n<script type=\"application\/ld+json\" class=\"yoast-schema-graph\">{\"@context\":\"https:\/\/schema.org\",\"@graph\":[{\"@type\":\"WebPage\",\"@id\":\"https:\/\/www.fperin.com\/es\/home\/\",\"url\":\"https:\/\/www.fperin.com\/es\/home\/\",\"name\":\"Art\u00edculos acero inoxidable - F.lli Perin\",\"isPartOf\":{\"@id\":\"https:\/\/www.fperin.com\/#website\"},\"datePublished\":\"2014-10-13T12:05:38+00:00\",\"dateModified\":\"2022-11-30T09:58:56+00:00\",\"description\":\"Art\u00edculos de acero inoxidable: fregaderos industriales, lavamanos, cubos de basura, tolvas, sanitarios y accesorios ba\u00f1o, recipientes, esterilizador de cuchillos, mop sink.\",\"breadcrumb\":{\"@id\":\"https:\/\/www.fperin.com\/es\/home\/#breadcrumb\"},\"inLanguage\":\"es\",\"potentialAction\":[{\"@type\":\"ReadAction\",\"target\":[\"https:\/\/www.fperin.com\/es\/home\/\"]}]},{\"@type\":\"BreadcrumbList\",\"@id\":\"https:\/\/www.fperin.com\/es\/home\/#breadcrumb\",\"itemListElement\":[{\"@type\":\"ListItem\",\"position\":1,\"name\":\"Home\",\"item\":\"https:\/\/www.fperin.com\/es\/home\/\"},{\"@type\":\"ListItem\",\"position\":2,\"name\":\"Home\"}]},{\"@type\":\"WebSite\",\"@id\":\"https:\/\/www.fperin.com\/#website\",\"url\":\"https:\/\/www.fperin.com\/\",\"name\":\"F.lli Perin\",\"description\":\"Lavorazioni in acciaio inox\",\"potentialAction\":[{\"@type\":\"SearchAction\",\"target\":{\"@type\":\"EntryPoint\",\"urlTemplate\":\"https:\/\/www.fperin.com\/?s={search_term_string}\"},\"query-input\":{\"@type\":\"PropertyValueSpecification\",\"valueRequired\":true,\"valueName\":\"search_term_string\"}}],\"inLanguage\":\"es\"}]}<\/script>\n<!-- \/ Yoast SEO plugin. -->","yoast_head_json":{"title":"Art\u00edculos acero inoxidable - F.lli Perin","description":"Art\u00edculos de acero inoxidable: fregaderos industriales, lavamanos, cubos de basura, tolvas, sanitarios y accesorios ba\u00f1o, recipientes, esterilizador de cuchillos, mop sink.","robots":{"index":"index","follow":"follow","max-snippet":"max-snippet:-1","max-image-preview":"max-image-preview:large","max-video-preview":"max-video-preview:-1"},"canonical":"https:\/\/www.fperin.com\/es\/home\/","og_locale":"es_ES","og_type":"article","og_title":"Art\u00edculos acero inoxidable - F.lli Perin","og_description":"Art\u00edculos de acero inoxidable: fregaderos industriales, lavamanos, cubos de basura, tolvas, sanitarios y accesorios ba\u00f1o, recipientes, esterilizador de cuchillos, mop sink.","og_url":"https:\/\/www.fperin.com\/es\/home\/","og_site_name":"F.lli Perin","article_modified_time":"2022-11-30T09:58:56+00:00","schema":{"@context":"https:\/\/schema.org","@graph":[{"@type":"WebPage","@id":"https:\/\/www.fperin.com\/es\/home\/","url":"https:\/\/www.fperin.com\/es\/home\/","name":"Art\u00edculos acero inoxidable - F.lli Perin","isPartOf":{"@id":"https:\/\/www.fperin.com\/#website"},"datePublished":"2014-10-13T12:05:38+00:00","dateModified":"2022-11-30T09:58:56+00:00","description":"Art\u00edculos de acero inoxidable: fregaderos industriales, lavamanos, cubos de basura, tolvas, sanitarios y accesorios ba\u00f1o, recipientes, esterilizador de cuchillos, mop sink.","breadcrumb":{"@id":"https:\/\/www.fperin.com\/es\/home\/#breadcrumb"},"inLanguage":"es","potentialAction":[{"@type":"ReadAction","target":["https:\/\/www.fperin.com\/es\/home\/"]}]},{"@type":"BreadcrumbList","@id":"https:\/\/www.fperin.com\/es\/home\/#breadcrumb","itemListElement":[{"@type":"ListItem","position":1,"name":"Home","item":"https:\/\/www.fperin.com\/es\/home\/"},{"@type":"ListItem","position":2,"name":"Home"}]},{"@type":"WebSite","@id":"https:\/\/www.fperin.com\/#website","url":"https:\/\/www.fperin.com\/","name":"F.lli Perin","description":"Lavorazioni in acciaio inox","potentialAction":[{"@type":"SearchAction","target":{"@type":"EntryPoint","urlTemplate":"https:\/\/www.fperin.com\/?s={search_term_string}"},"query-input":{"@type":"PropertyValueSpecification","valueRequired":true,"valueName":"search_term_string"}}],"inLanguage":"es"}]}},"_links":{"self":[{"href":"https:\/\/www.fperin.com\/es\/wp-json\/wp\/v2\/pages\/317","targetHints":{"allow":["GET"]}}],"collection":[{"href":"https:\/\/www.fperin.com\/es\/wp-json\/wp\/v2\/pages"}],"about":[{"href":"https:\/\/www.fperin.com\/es\/wp-json\/wp\/v2\/types\/page"}],"author":[{"embeddable":true,"href":"https:\/\/www.fperin.com\/es\/wp-json\/wp\/v2\/users\/2"}],"replies":[{"embeddable":true,"href":"https:\/\/www.fperin.com\/es\/wp-json\/wp\/v2\/comments?post=317"}],"version-history":[{"count":23,"href":"https:\/\/www.fperin.com\/es\/wp-json\/wp\/v2\/pages\/317\/revisions"}],"predecessor-version":[{"id":2353,"href":"https:\/\/www.fperin.com\/es\/wp-json\/wp\/v2\/pages\/317\/revisions\/2353"}],"wp:attachment":[{"href":"https:\/\/www.fperin.com\/es\/wp-json\/wp\/v2\/media?parent=317"}],"curies":[{"name":"wp","href":"https:\/\/api.w.org\/{rel}","templated":true}]}}